{"id":1684,"date":"2023-06-19T22:13:34","date_gmt":"2023-06-19T22:13:34","guid":{"rendered":"https:\/\/community.terratachyon.com\/?page_id=1684"},"modified":"2025-09-11T12:27:47","modified_gmt":"2025-09-11T16:27:47","slug":"ressources","status":"publish","type":"page","link":"https:\/\/community.terratachyon.com\/en\/ressources\/","title":{"rendered":"Resources"},"content":{"rendered":"Registrarte para acceder a la comunidad\r\nRegister to access the community\r\nInscrivez-vous pour acc\u00e9der \u00e0 la communaut\u00e9","protected":false},"excerpt":{"rendered":"","protected":false},"author":452,"featured_media":0,"parent":0,"menu_order":0,"comment_status":"closed","ping_status":"closed","template":"","meta":{"_uag_custom_page_level_css":"","episode_type":"","audio_file":"","transcript_file":"","cover_image":"","cover_image_id":"","duration":"","filesize":"","filesize_raw":"","date_recorded":"","explicit":"","block":"","itunes_episode_number":"","itunes_title":"","itunes_season_number":"","itunes_episode_type":"","footnotes":""},"class_list":["post-1684","page","type-page","status-publish","hentry"],"uagb_featured_image_src":{"full":false,"thumbnail":false,"medium":false,"medium_large":false,"large":false,"1536x1536":false,"2048x2048":false},"uagb_author_info":{"display_name":"Robert Munck","author_link":"https:\/\/community.terratachyon.com\/en\/author\/blogtt\/"},"uagb_comment_info":0,"uagb_excerpt":null,"_links":{"self":[{"href":"https:\/\/community.terratachyon.com\/en\/wp-json\/wp\/v2\/pages\/1684","targetHints":{"allow":["GET"]}}],"collection":[{"href":"https:\/\/community.terratachyon.com\/en\/wp-json\/wp\/v2\/pages"}],"about":[{"href":"https:\/\/community.terratachyon.com\/en\/wp-json\/wp\/v2\/types\/page"}],"author":[{"embeddable":true,"href":"https:\/\/community.terratachyon.com\/en\/wp-json\/wp\/v2\/users\/452"}],"replies":[{"embeddable":true,"href":"https:\/\/community.terratachyon.com\/en\/wp-json\/wp\/v2\/comments?post=1684"}],"version-history":[{"count":407,"href":"https:\/\/community.terratachyon.com\/en\/wp-json\/wp\/v2\/pages\/1684\/revisions"}],"predecessor-version":[{"id":10126,"href":"https:\/\/community.terratachyon.com\/en\/wp-json\/wp\/v2\/pages\/1684\/revisions\/10126"}],"wp:attachment":[{"href":"https:\/\/community.terratachyon.com\/en\/wp-json\/wp\/v2\/media?parent=1684"}],"curies":[{"name":"wp","href":"https:\/\/api.w.org\/{rel}","templated":true}]}}