{"id":3004,"date":"2023-06-27T18:50:17","date_gmt":"2023-06-27T18:50:17","guid":{"rendered":"https:\/\/community.terratachyon.com\/?page_id=3004"},"modified":"2023-10-12T21:42:53","modified_gmt":"2023-10-12T21:42:53","slug":"nuestro-equipo","status":"publish","type":"page","link":"https:\/\/community.terratachyon.com\/es\/nuestro-equipo\/","title":{"rendered":"Nuestro equipo"},"content":{"rendered":"\t\t<div data-elementor-type=\"wp-page\" data-elementor-id=\"3004\" class=\"elementor elementor-3004\" data-elementor-post-type=\"page\">\n\t\t\t\t<div class=\"elementor-element elementor-element-b1b8b2e e-flex e-con-boxed e-con e-parent\" data-id=\"b1b8b2e\" data-element_type=\"container\" data-e-type=\"container\" data-settings=\"{&quot;background_background&quot;:&quot;classic&quot;}\">\n\t\t\t\t\t<div class=\"e-con-inner\">\n\t\t<div class=\"elementor-element elementor-element-dea3408 e-con-full e-flex e-con e-child\" data-id=\"dea3408\" data-element_type=\"container\" data-e-type=\"container\">\n\t\t\t\t<div class=\"elementor-element elementor-element-994e055 elementor-widget__width-initial elementor-widget elementor-widget-image\" data-id=\"994e055\" data-element_type=\"widget\" data-e-type=\"widget\" data-widget_type=\"image.default\">\n\t\t\t\t<div class=\"elementor-widget-container\">\n\t\t\t\t\t\t\t\t\t\t\t\t\t\t\t\t<a href=\"https:\/\/community.terratachyon.com\/es\/\">\n\t\t\t\t\t\t\t<img decoding=\"async\" width=\"200\" height=\"76\" src=\"https:\/\/community.terratachyon.com\/wp-content\/uploads\/2023\/04\/912bdcecfcd07baafcc86d68ec2357cd128d6f7b145bbfa4b86649417da7e6a4.png\" class=\"attachment-medium_large size-medium_large wp-image-188\" alt=\"\" \/>\t\t\t\t\t\t\t\t<\/a>\n\t\t\t\t\t\t\t\t\t\t\t\t\t\t\t<\/div>\n\t\t\t\t<\/div>\n\t\t\t\t<\/div>\n\t\t<div class=\"elementor-element elementor-element-bccba71 e-con-full e-flex e-con e-child\" data-id=\"bccba71\" data-element_type=\"container\" data-e-type=\"container\">\n\t\t\t\t<div class=\"elementor-element elementor-element-e4b5eaa elementor-widget elementor-widget-text-editor\" data-id=\"e4b5eaa\" data-element_type=\"widget\" data-e-type=\"widget\" data-widget_type=\"text-editor.default\">\n\t\t\t\t<div class=\"elementor-widget-container\">\n\t\t\t\t\t\t\t\t\t<p>TERRA TACHYON<\/p>\t\t\t\t\t\t\t\t<\/div>\n\t\t\t\t<\/div>\n\t\t\t\t<\/div>\n\t\t<div class=\"elementor-element elementor-element-2701a72 e-con-full e-flex e-con e-child\" data-id=\"2701a72\" data-element_type=\"container\" data-e-type=\"container\" data-settings=\"{&quot;background_background&quot;:&quot;classic&quot;}\">\n\t\t\t\t<div class=\"elementor-element elementor-element-8f18a8e elementor-align-right elementor-hidden-phone elementor-widget elementor-widget-button\" data-id=\"8f18a8e\" data-element_type=\"widget\" data-e-type=\"widget\" data-widget_type=\"button.default\">\n\t\t\t\t<div class=\"elementor-widget-container\">\n\t\t\t\t\t\t\t\t\t<div class=\"elementor-button-wrapper\">\n\t\t\t\t\t<a class=\"elementor-button elementor-button-link elementor-size-md\" href=\"https:\/\/terratachyon.com\/es\/\">\n\t\t\t\t\t\t<span class=\"elementor-button-content-wrapper\">\n\t\t\t\t\t\t<span class=\"elementor-button-icon\">\n\t\t\t\t<svg aria-hidden=\"true\" class=\"e-font-icon-svg e-fas-long-arrow-alt-right\" viewBox=\"0 0 448 512\" xmlns=\"http:\/\/www.w3.org\/2000\/svg\"><path d=\"M313.941 216H12c-6.627 0-12 5.373-12 12v56c0 6.627 5.373 12 12 12h301.941v46.059c0 21.382 25.851 32.09 40.971 16.971l86.059-86.059c9.373-9.373 9.373-24.569 0-33.941l-86.059-86.059c-15.119-15.119-40.971-4.411-40.971 16.971V216z\"><\/path><\/svg>\t\t\t<\/span>\n\t\t\t\t\t\t\t\t\t<span class=\"elementor-button-text\">Ir a la tienda<\/span>\n\t\t\t\t\t<\/span>\n\t\t\t\t\t<\/a>\n\t\t\t\t<\/div>\n\t\t\t\t\t\t\t\t<\/div>\n\t\t\t\t<\/div>\n\t\t\t\t<\/div>\n\t\t<div class=\"elementor-element elementor-element-e3a716d e-con-full e-flex e-con e-child\" data-id=\"e3a716d\" data-element_type=\"container\" data-e-type=\"container\">\n\t\t\t\t<div class=\"elementor-element elementor-element-2e249ba elementor-align-right elementor-hidden-phone elementor-widget elementor-widget-button\" data-id=\"2e249ba\" data-element_type=\"widget\" data-e-type=\"widget\" data-widget_type=\"button.default\">\n\t\t\t\t<div class=\"elementor-widget-container\">\n\t\t\t\t\t\t\t\t\t<div class=\"elementor-button-wrapper\">\n\t\t\t\t\t<a class=\"elementor-button elementor-button-link elementor-size-md\" href=\"https:\/\/terratachyon.com\/es\/\">\n\t\t\t\t\t\t<span class=\"elementor-button-content-wrapper\">\n\t\t\t\t\t\t<span class=\"elementor-button-icon\">\n\t\t\t\t<svg aria-hidden=\"true\" class=\"e-font-icon-svg e-fas-long-arrow-alt-right\" viewBox=\"0 0 448 512\" xmlns=\"http:\/\/www.w3.org\/2000\/svg\"><path d=\"M313.941 216H12c-6.627 0-12 5.373-12 12v56c0 6.627 5.373 12 12 12h301.941v46.059c0 21.382 25.851 32.09 40.971 16.971l86.059-86.059c9.373-9.373 9.373-24.569 0-33.941l-86.059-86.059c-15.119-15.119-40.971-4.411-40.971 16.971V216z\"><\/path><\/svg>\t\t\t<\/span>\n\t\t\t\t\t\t\t\t\t<span class=\"elementor-button-text\">Ir a la tienda<\/span>\n\t\t\t\t\t<\/span>\n\t\t\t\t\t<\/a>\n\t\t\t\t<\/div>\n\t\t\t\t\t\t\t\t<\/div>\n\t\t\t\t<\/div>\n\t\t\t\t<\/div>\n\t\t\t\t\t<\/div>\n\t\t\t\t<\/div>\n\t\t<div class=\"elementor-element elementor-element-2f1051ef e-con-full e-flex e-con e-parent\" data-id=\"2f1051ef\" data-element_type=\"container\" data-e-type=\"container\">\n\t\t<div class=\"elementor-element elementor-element-618ac197 e-con-full e-flex e-con e-child\" data-id=\"618ac197\" data-element_type=\"container\" data-e-type=\"container\" data-settings=\"{&quot;background_background&quot;:&quot;classic&quot;}\">\n\t\t<div class=\"elementor-element elementor-element-1c4f97da e-con-full e-transform e-flex e-con e-child\" data-id=\"1c4f97da\" data-element_type=\"container\" data-e-type=\"container\" data-settings=\"{&quot;background_background&quot;:&quot;classic&quot;,&quot;_transform_translateY_effect&quot;:{&quot;unit&quot;:&quot;px&quot;,&quot;size&quot;:350,&quot;sizes&quot;:[]},&quot;_transform_translateX_effect&quot;:{&quot;unit&quot;:&quot;px&quot;,&quot;size&quot;:&quot;&quot;,&quot;sizes&quot;:[]},&quot;_transform_translateX_effect_tablet&quot;:{&quot;unit&quot;:&quot;px&quot;,&quot;size&quot;:&quot;&quot;,&quot;sizes&quot;:[]},&quot;_transform_translateX_effect_mobile&quot;:{&quot;unit&quot;:&quot;px&quot;,&quot;size&quot;:&quot;&quot;,&quot;sizes&quot;:[]},&quot;_transform_translateY_effect_tablet&quot;:{&quot;unit&quot;:&quot;px&quot;,&quot;size&quot;:&quot;&quot;,&quot;sizes&quot;:[]},&quot;_transform_translateY_effect_mobile&quot;:{&quot;unit&quot;:&quot;px&quot;,&quot;size&quot;:&quot;&quot;,&quot;sizes&quot;:[]}}\">\n\t\t\t\t<div class=\"elementor-element elementor-element-b64ba74 animated-slow e-transform elementor-invisible elementor-widget elementor-widget-heading\" data-id=\"b64ba74\" data-element_type=\"widget\" data-e-type=\"widget\" data-settings=\"{&quot;_animation&quot;:&quot;slideInUp&quot;,&quot;_transform_translateY_effect&quot;:{&quot;unit&quot;:&quot;px&quot;,&quot;size&quot;:-84,&quot;sizes&quot;:[]},&quot;_transform_translateX_effect&quot;:{&quot;unit&quot;:&quot;px&quot;,&quot;size&quot;:&quot;&quot;,&quot;sizes&quot;:[]},&quot;_transform_translateX_effect_tablet&quot;:{&quot;unit&quot;:&quot;px&quot;,&quot;size&quot;:&quot;&quot;,&quot;sizes&quot;:[]},&quot;_transform_translateX_effect_mobile&quot;:{&quot;unit&quot;:&quot;px&quot;,&quot;size&quot;:&quot;&quot;,&quot;sizes&quot;:[]},&quot;_transform_translateY_effect_tablet&quot;:{&quot;unit&quot;:&quot;px&quot;,&quot;size&quot;:&quot;&quot;,&quot;sizes&quot;:[]},&quot;_transform_translateY_effect_mobile&quot;:{&quot;unit&quot;:&quot;px&quot;,&quot;size&quot;:&quot;&quot;,&quot;sizes&quot;:[]}}\" data-widget_type=\"heading.default\">\n\t\t\t\t<div class=\"elementor-widget-container\">\n\t\t\t\t\t<h2 class=\"elementor-heading-title elementor-size-default\">Nuestro equipo<\/h2>\t\t\t\t<\/div>\n\t\t\t\t<\/div>\n\t\t\t\t<div class=\"elementor-element elementor-element-121b7606 animated-slow e-transform elementor-invisible elementor-widget elementor-widget-heading\" data-id=\"121b7606\" data-element_type=\"widget\" data-e-type=\"widget\" data-settings=\"{&quot;_animation&quot;:&quot;slideInUp&quot;,&quot;_transform_translateY_effect&quot;:{&quot;unit&quot;:&quot;px&quot;,&quot;size&quot;:289,&quot;sizes&quot;:[]},&quot;_transform_translateX_effect&quot;:{&quot;unit&quot;:&quot;px&quot;,&quot;size&quot;:&quot;&quot;,&quot;sizes&quot;:[]},&quot;_transform_translateX_effect_tablet&quot;:{&quot;unit&quot;:&quot;px&quot;,&quot;size&quot;:&quot;&quot;,&quot;sizes&quot;:[]},&quot;_transform_translateX_effect_mobile&quot;:{&quot;unit&quot;:&quot;px&quot;,&quot;size&quot;:&quot;&quot;,&quot;sizes&quot;:[]},&quot;_transform_translateY_effect_tablet&quot;:{&quot;unit&quot;:&quot;px&quot;,&quot;size&quot;:&quot;&quot;,&quot;sizes&quot;:[]},&quot;_transform_translateY_effect_mobile&quot;:{&quot;unit&quot;:&quot;px&quot;,&quot;size&quot;:&quot;&quot;,&quot;sizes&quot;:[]}}\" data-widget_type=\"heading.default\">\n\t\t\t\t<div class=\"elementor-widget-container\">\n\t\t\t\t\t<h2 class=\"elementor-heading-title elementor-size-default\">\u00a1Terra Tachyon se parece a un \u00e1tomo ! <\/h2>\t\t\t\t<\/div>\n\t\t\t\t<\/div>\n\t\t\t\t<\/div>\n\t\t\t\t<\/div>\n\t\t<div class=\"elementor-element elementor-element-601f7e8e e-con-full e-flex e-con e-child\" data-id=\"601f7e8e\" data-element_type=\"container\" data-e-type=\"container\">\n\t\t<div class=\"elementor-element elementor-element-3f5f6351 e-flex e-con-boxed e-con e-child\" data-id=\"3f5f6351\" data-element_type=\"container\" data-e-type=\"container\" data-settings=\"{&quot;background_background&quot;:&quot;classic&quot;}\">\n\t\t\t\t\t<div class=\"e-con-inner\">\n\t\t\t\t<div class=\"elementor-element elementor-element-7265ce8e elementor-widget__width-initial elementor-position-top elementor-widget elementor-widget-image-box\" data-id=\"7265ce8e\" data-element_type=\"widget\" data-e-type=\"widget\" data-widget_type=\"image-box.default\">\n\t\t\t\t<div class=\"elementor-widget-container\">\n\t\t\t\t\t<div class=\"elementor-image-box-wrapper\"><figure class=\"elementor-image-box-img\"><img fetchpriority=\"high\" decoding=\"async\" width=\"792\" height=\"530\" src=\"https:\/\/community.terratachyon.com\/wp-content\/uploads\/2023\/06\/atome.jpg\" class=\"attachment-full size-full wp-image-2930\" alt=\"\" srcset=\"https:\/\/community.terratachyon.com\/wp-content\/uploads\/2023\/06\/atome.jpg 792w, https:\/\/community.terratachyon.com\/wp-content\/uploads\/2023\/06\/atome-300x201.jpg 300w, https:\/\/community.terratachyon.com\/wp-content\/uploads\/2023\/06\/atome-768x514.jpg 768w, https:\/\/community.terratachyon.com\/wp-content\/uploads\/2023\/06\/atome-600x402.jpg 600w\" sizes=\"(max-width: 792px) 100vw, 792px\" \/><\/figure><div class=\"elementor-image-box-content\"><h3 class=\"elementor-image-box-title\">Ceci est le titre<\/h3><p class=\"elementor-image-box-description\">Hay un n\u00facleo y <br> 3 part\u00edculas que giran alrededor de este. <br> \n<br> \n\nLas 3 part\u00edculas somos nosotros:<br> \n<br> \n\nRobert Munck<br> \n<br> \nSylvie Duran<br> \n<br> \ny <br> Emma Munck.<\/p><\/div><\/div>\t\t\t\t<\/div>\n\t\t\t\t<\/div>\n\t\t\t\t<div class=\"elementor-element elementor-element-2b430892 elementor-position-top elementor-widget elementor-widget-image-box\" data-id=\"2b430892\" data-element_type=\"widget\" data-e-type=\"widget\" data-widget_type=\"image-box.default\">\n\t\t\t\t<div class=\"elementor-widget-container\">\n\t\t\t\t\t<div class=\"elementor-image-box-wrapper\"><figure class=\"elementor-image-box-img\"><img decoding=\"async\" width=\"961\" height=\"961\" src=\"https:\/\/community.terratachyon.com\/wp-content\/uploads\/2023\/06\/RM-copie.jpg\" class=\"attachment-full size-full wp-image-2951\" alt=\"\" srcset=\"https:\/\/community.terratachyon.com\/wp-content\/uploads\/2023\/06\/RM-copie.jpg 961w, https:\/\/community.terratachyon.com\/wp-content\/uploads\/2023\/06\/RM-copie-300x300.jpg 300w, https:\/\/community.terratachyon.com\/wp-content\/uploads\/2023\/06\/RM-copie-150x150.jpg 150w, https:\/\/community.terratachyon.com\/wp-content\/uploads\/2023\/06\/RM-copie-768x768.jpg 768w, https:\/\/community.terratachyon.com\/wp-content\/uploads\/2023\/06\/RM-copie-600x600.jpg 600w, https:\/\/community.terratachyon.com\/wp-content\/uploads\/2023\/06\/RM-copie-649x649.jpg 649w\" sizes=\"(max-width: 961px) 100vw, 961px\" \/><\/figure><div class=\"elementor-image-box-content\"><h4 class=\"elementor-image-box-title\">CALMA<\/h4><p class=\"elementor-image-box-description\">\nRobert es el manager de Terra Tachyon, el que sabe mucho de f\u00edsica y consciencia. Gestiona la red de distribuidores y tambi\u00e9n el aspecto t\u00e9cnico de la fabricaci\u00f3n. Da consultas individuales.\n<br>  \n<br> \nSus cualidades: una cabeza bien llena y una calma que nada perturba.<\/p><\/div><\/div>\t\t\t\t<\/div>\n\t\t\t\t<\/div>\n\t\t\t\t\t<\/div>\n\t\t\t\t<\/div>\n\t\t<div class=\"elementor-element elementor-element-f26947 e-flex e-con-boxed e-con e-child\" data-id=\"f26947\" data-element_type=\"container\" data-e-type=\"container\" data-settings=\"{&quot;background_background&quot;:&quot;classic&quot;}\">\n\t\t\t\t\t<div class=\"e-con-inner\">\n\t\t\t\t<div class=\"elementor-element elementor-element-71ae88ad elementor-widget__width-initial elementor-position-top elementor-widget elementor-widget-image-box\" data-id=\"71ae88ad\" data-element_type=\"widget\" data-e-type=\"widget\" data-widget_type=\"image-box.default\">\n\t\t\t\t<div class=\"elementor-widget-container\">\n\t\t\t\t\t<div class=\"elementor-image-box-wrapper\"><figure class=\"elementor-image-box-img\"><img loading=\"lazy\" decoding=\"async\" width=\"297\" height=\"330\" src=\"https:\/\/community.terratachyon.com\/wp-content\/uploads\/2023\/06\/SD.jpg\" class=\"attachment-full size-full wp-image-2974\" alt=\"\" srcset=\"https:\/\/community.terratachyon.com\/wp-content\/uploads\/2023\/06\/SD.jpg 297w, https:\/\/community.terratachyon.com\/wp-content\/uploads\/2023\/06\/SD-270x300.jpg 270w\" sizes=\"(max-width: 297px) 100vw, 297px\" \/><\/figure><div class=\"elementor-image-box-content\"><h4 class=\"elementor-image-box-title\">VISI\u00d3N<\/h4><p class=\"elementor-image-box-description\">\nSylvie se encarga de la comunidad Terra Tachyon, de dar a conocer los Tachyones en el mundo, de monitorear la evoluci\u00f3n de las practicas y las aplicaciones con los tachyones.  <br> \n<br> \nSus cualidades : su visi\u00f3n amplia, hablar mucho y conectar f\u00e1cilmente con la gente. <\/p><\/div><\/div>\t\t\t\t<\/div>\n\t\t\t\t<\/div>\n\t\t\t\t<div class=\"elementor-element elementor-element-484b4f9a elementor-widget__width-initial elementor-position-top elementor-widget elementor-widget-image-box\" data-id=\"484b4f9a\" data-element_type=\"widget\" data-e-type=\"widget\" data-widget_type=\"image-box.default\">\n\t\t\t\t<div class=\"elementor-widget-container\">\n\t\t\t\t\t<div class=\"elementor-image-box-wrapper\"><figure class=\"elementor-image-box-img\"><img loading=\"lazy\" decoding=\"async\" width=\"595\" height=\"755\" src=\"https:\/\/community.terratachyon.com\/wp-content\/uploads\/2023\/06\/emma-e1687797084583.png\" class=\"attachment-full size-full wp-image-2619\" alt=\"\" srcset=\"https:\/\/community.terratachyon.com\/wp-content\/uploads\/2023\/06\/emma-e1687797084583.png 595w, https:\/\/community.terratachyon.com\/wp-content\/uploads\/2023\/06\/emma-e1687797084583-236x300.png 236w, https:\/\/community.terratachyon.com\/wp-content\/uploads\/2023\/06\/emma-e1687797084583-511x649.png 511w\" sizes=\"(max-width: 595px) 100vw, 595px\" \/><\/figure><div class=\"elementor-image-box-content\"><h4 class=\"elementor-image-box-title\">ORGANISACI\u00d3N<\/h4><p class=\"elementor-image-box-description\">Emma gestiona todo el proceso de tachyonizaci\u00f3n. Esta a cargo de todo el aspecto log\u00edstico y cuida la relaci\u00f3n con los clientes y los proveedores. \nEst\u00e1 rodeada de tachyones las 24h ! \n<br> \n<br> \nSus cualidades: organizaci\u00f3n y m\u00e9todo, autonom\u00eda, una memoria fenomenal y mucha paciencia.<\/p><\/div><\/div>\t\t\t\t<\/div>\n\t\t\t\t<\/div>\n\t\t\t\t\t<\/div>\n\t\t\t\t<\/div>\n\t\t\t\t<\/div>\n\t\t\t\t<\/div>\n\t\t<div class=\"elementor-element elementor-element-d77b84 e-flex e-con-boxed e-con e-parent\" data-id=\"d77b84\" data-element_type=\"container\" data-e-type=\"container\" data-settings=\"{&quot;background_background&quot;:&quot;classic&quot;}\">\n\t\t\t\t\t<div class=\"e-con-inner\">\n\t\t\t\t<div class=\"elementor-element elementor-element-4f0a868e elementor-widget elementor-widget-text-editor\" data-id=\"4f0a868e\" data-element_type=\"widget\" data-e-type=\"widget\" data-widget_type=\"text-editor.default\">\n\t\t\t\t<div class=\"elementor-widget-container\">\n\t\t\t\t\t\t\t\t\t<p>Como puede verse en la imagen, las \u00f3rbitas de las part\u00edculas est\u00e1n entrelazadas; trabajamos y actuamos en estrecha colaboraci\u00f3n. <br \/>El \u00e1tomo est\u00e1 en conexi\u00f3n con otros \u00e1tomos y part\u00edculas : nuestros distribuidores, los clientes, usuarios y tachyonautas.<\/p><p>Todos conectados y entrelazados en tiempo real en un amplio campo de consciencia.<\/p>\t\t\t\t\t\t\t\t<\/div>\n\t\t\t\t<\/div>\n\t\t\t\t\t<\/div>\n\t\t\t\t<\/div>\n\t\t\t\t<\/div>\n\t\t","protected":false},"excerpt":{"rendered":"<p>TERRA TACHYON Ir al inicio Aller \u00e0 la Boutique Nuestro equipo \u00a1Terra Tachyon se parece a un \u00e1tomo! Ceci est le titre Hay un n\u00facleo y 3 part\u00edculas que giran alrededor de este. Las 3 part\u00edculas somos nosotros: Robert Munck Sylvie Duran y Emma Munck. CALMA Robert es el manager de Terra Tachyon, el que [&hellip;]<\/p>\n","protected":false},"author":452,"featured_media":0,"parent":0,"menu_order":0,"comment_status":"closed","ping_status":"closed","template":"elementor_header_footer","meta":{"_uag_custom_page_level_css":"","episode_type":"","audio_file":"","transcript_file":"","cover_image":"","cover_image_id":"","duration":"","filesize":"","filesize_raw":"","date_recorded":"","explicit":"","block":"","itunes_episode_number":"","itunes_title":"","itunes_season_number":"","itunes_episode_type":"","footnotes":""},"class_list":["post-3004","page","type-page","status-publish","hentry"],"uagb_featured_image_src":{"full":false,"thumbnail":false,"medium":false,"medium_large":false,"large":false,"1536x1536":false,"2048x2048":false},"uagb_author_info":{"display_name":"Robert Munck","author_link":"https:\/\/community.terratachyon.com\/es\/author\/blogtt\/"},"uagb_comment_info":0,"uagb_excerpt":"TERRA TACHYON Ir al inicio Aller \u00e0 la Boutique Nuestro equipo \u00a1Terra Tachyon se parece a un \u00e1tomo! Ceci est le titre Hay un n\u00facleo y 3 part\u00edculas que giran alrededor de este. Las 3 part\u00edculas somos nosotros: Robert Munck Sylvie Duran y Emma Munck. CALMA Robert es el manager de Terra Tachyon, el que&hellip;","_links":{"self":[{"href":"https:\/\/community.terratachyon.com\/es\/wp-json\/wp\/v2\/pages\/3004","targetHints":{"allow":["GET"]}}],"collection":[{"href":"https:\/\/community.terratachyon.com\/es\/wp-json\/wp\/v2\/pages"}],"about":[{"href":"https:\/\/community.terratachyon.com\/es\/wp-json\/wp\/v2\/types\/page"}],"author":[{"embeddable":true,"href":"https:\/\/community.terratachyon.com\/es\/wp-json\/wp\/v2\/users\/452"}],"replies":[{"embeddable":true,"href":"https:\/\/community.terratachyon.com\/es\/wp-json\/wp\/v2\/comments?post=3004"}],"version-history":[{"count":65,"href":"https:\/\/community.terratachyon.com\/es\/wp-json\/wp\/v2\/pages\/3004\/revisions"}],"predecessor-version":[{"id":6584,"href":"https:\/\/community.terratachyon.com\/es\/wp-json\/wp\/v2\/pages\/3004\/revisions\/6584"}],"wp:attachment":[{"href":"https:\/\/community.terratachyon.com\/es\/wp-json\/wp\/v2\/media?parent=3004"}],"curies":[{"name":"wp","href":"https:\/\/api.w.org\/{rel}","templated":true}]}}