{"id":9456,"date":"2025-05-16T18:05:25","date_gmt":"2025-05-16T22:05:25","guid":{"rendered":"https:\/\/community.terratachyon.com\/?page_id=9456"},"modified":"2026-03-16T12:42:57","modified_gmt":"2026-03-16T16:42:57","slug":"catalogo-terra-tachyon","status":"publish","type":"page","link":"https:\/\/community.terratachyon.com\/es\/catalogo-terra-tachyon\/","title":{"rendered":"Catalogo Terra Tachyon"},"content":{"rendered":"\t\t<div data-elementor-type=\"wp-page\" data-elementor-id=\"9456\" class=\"elementor elementor-9456\" data-elementor-post-type=\"page\">\n\t\t\t\t<div class=\"elementor-element elementor-element-159c59a5 e-con-full e-flex e-con e-parent\" data-id=\"159c59a5\" data-element_type=\"container\" data-e-type=\"container\">\n\t\t<div class=\"elementor-element elementor-element-767035b1 e-con-full e-flex e-con e-child\" data-id=\"767035b1\" data-element_type=\"container\" data-e-type=\"container\" data-settings=\"{&quot;background_background&quot;:&quot;classic&quot;}\">\n\t\t\t\t<div class=\"elementor-element elementor-element-6fe3cd1d elementor-widget elementor-widget-heading\" data-id=\"6fe3cd1d\" data-element_type=\"widget\" data-e-type=\"widget\" data-widget_type=\"heading.default\">\n\t\t\t\t<div class=\"elementor-widget-container\">\n\t\t\t\t\t<h6 class=\"elementor-heading-title elementor-size-default\">NUESTROS TACHYONES<\/h6>\t\t\t\t<\/div>\n\t\t\t\t<\/div>\n\t\t\t\t<div class=\"elementor-element elementor-element-34a1b0ba elementor-widget elementor-widget-heading\" data-id=\"34a1b0ba\" data-element_type=\"widget\" data-e-type=\"widget\" data-widget_type=\"heading.default\">\n\t\t\t\t<div class=\"elementor-widget-container\">\n\t\t\t\t\t<h3 class=\"elementor-heading-title elementor-size-default\">CATALOGOS\nTERRA TACHYON\u200b<\/h3>\t\t\t\t<\/div>\n\t\t\t\t<\/div>\n\t\t\t\t<div class=\"elementor-element elementor-element-67f793d4 elementor-widget elementor-widget-button\" data-id=\"67f793d4\" data-element_type=\"widget\" data-e-type=\"widget\" data-widget_type=\"button.default\">\n\t\t\t\t<div class=\"elementor-widget-container\">\n\t\t\t\t\t\t\t\t\t<div class=\"elementor-button-wrapper\">\n\t\t\t\t\t<a class=\"elementor-button elementor-button-link elementor-size-sm\" href=\"#\">\n\t\t\t\t\t\t<span class=\"elementor-button-content-wrapper\">\n\t\t\t\t\t\t\t\t\t<span class=\"elementor-button-text\">DESCARGALO<\/span>\n\t\t\t\t\t<\/span>\n\t\t\t\t\t<\/a>\n\t\t\t\t<\/div>\n\t\t\t\t\t\t\t\t<\/div>\n\t\t\t\t<\/div>\n\t\t\t\t<\/div>\n\t\t<div class=\"elementor-element elementor-element-7ac9fc9d e-con-full e-flex e-con e-child\" data-id=\"7ac9fc9d\" data-element_type=\"container\" data-e-type=\"container\" data-settings=\"{&quot;background_background&quot;:&quot;classic&quot;}\">\n\t\t\t\t<\/div>\n\t\t\t\t<\/div>\n\t\t<footer class=\"elementor-element elementor-element-62177c19 e-con-full e-flex e-con e-parent\" data-id=\"62177c19\" data-element_type=\"container\" data-e-type=\"container\">\n\t\t<div class=\"elementor-element elementor-element-71c6a482 e-con-full e-flex e-con e-child\" data-id=\"71c6a482\" data-element_type=\"container\" data-e-type=\"container\">\n\t\t\t\t<div class=\"elementor-element elementor-element-4b597e02 elementor-widget elementor-widget-image\" data-id=\"4b597e02\" data-element_type=\"widget\" data-e-type=\"widget\" data-widget_type=\"image.default\">\n\t\t\t\t<div class=\"elementor-widget-container\">\n\t\t\t\t\t\t\t\t\t\t\t\t\t\t\t\t<a href=\"https:\/\/community.terratachyon.com\/es\/\">\n\t\t\t\t\t\t\t<img decoding=\"async\" width=\"200\" height=\"76\" src=\"https:\/\/community.terratachyon.com\/wp-content\/uploads\/2023\/04\/logosansfond.png\" class=\"attachment-full size-full wp-image-267\" alt=\"\" \/>\t\t\t\t\t\t\t\t<\/a>\n\t\t\t\t\t\t\t\t\t\t\t\t\t\t\t<\/div>\n\t\t\t\t<\/div>\n\t\t\t\t<\/div>\n\t\t<div class=\"elementor-element elementor-element-4c2269b1 e-con-full e-flex e-con e-child\" data-id=\"4c2269b1\" data-element_type=\"container\" data-e-type=\"container\">\n\t\t\t\t<div class=\"elementor-element elementor-element-14f73f6c elementor-widget elementor-widget-heading\" data-id=\"14f73f6c\" data-element_type=\"widget\" data-e-type=\"widget\" data-widget_type=\"heading.default\">\n\t\t\t\t<div class=\"elementor-widget-container\">\n\t\t\t\t\t<h4 class=\"elementor-heading-title elementor-size-default\"><a href=\"https:\/\/community.terratachyon.com\/register\/\">\u00danete a la comunidad<\/a><\/h4>\t\t\t\t<\/div>\n\t\t\t\t<\/div>\n\t\t\t\t<div class=\"elementor-element elementor-element-2048b0bc elementor-widget elementor-widget-text-editor\" data-id=\"2048b0bc\" data-element_type=\"widget\" data-e-type=\"widget\" data-widget_type=\"text-editor.default\">\n\t\t\t\t<div class=\"elementor-widget-container\">\n\t\t\t\t\t\t\t\t\t<p>Haga clic en la bandera para descargar el cat\u00e1logo.<\/p>\t\t\t\t\t\t\t\t<\/div>\n\t\t\t\t<\/div>\n\t\t\t\t<\/div>\n\t\t<div class=\"elementor-element elementor-element-21151438 e-con-full e-flex e-con e-child\" data-id=\"21151438\" data-element_type=\"container\" data-e-type=\"container\">\n\t\t\t\t<div class=\"elementor-element elementor-element-23198e9d elementor-widget elementor-widget-heading\" data-id=\"23198e9d\" data-element_type=\"widget\" data-e-type=\"widget\" data-widget_type=\"heading.default\">\n\t\t\t\t<div class=\"elementor-widget-container\">\n\t\t\t\t\t<h4 class=\"elementor-heading-title elementor-size-default\">Espa\u00f1ol<\/h4>\t\t\t\t<\/div>\n\t\t\t\t<\/div>\n\t\t\t\t<div class=\"elementor-element elementor-element-efe4318 elementor-widget elementor-widget-image\" data-id=\"efe4318\" data-element_type=\"widget\" data-e-type=\"widget\" data-widget_type=\"image.default\">\n\t\t\t\t<div class=\"elementor-widget-container\">\n\t\t\t\t\t\t\t\t\t\t\t\t\t\t\t\t<a href=\"https:\/\/community.terratachyon.com\/wp-content\/uploads\/2026\/03\/Catalog_ES2o26.pdf\">\n\t\t\t\t\t\t\t<img fetchpriority=\"high\" decoding=\"async\" width=\"800\" height=\"600\" src=\"https:\/\/community.terratachyon.com\/wp-content\/uploads\/2025\/05\/image-1-1024x768.png\" class=\"attachment-large size-large wp-image-9464\" alt=\"\" srcset=\"https:\/\/community.terratachyon.com\/wp-content\/uploads\/2025\/05\/image-1-1024x768.png 1024w, https:\/\/community.terratachyon.com\/wp-content\/uploads\/2025\/05\/image-1-300x225.png 300w, https:\/\/community.terratachyon.com\/wp-content\/uploads\/2025\/05\/image-1-768x576.png 768w, https:\/\/community.terratachyon.com\/wp-content\/uploads\/2025\/05\/image-1-600x450.png 600w, https:\/\/community.terratachyon.com\/wp-content\/uploads\/2025\/05\/image-1-865x649.png 865w, https:\/\/community.terratachyon.com\/wp-content\/uploads\/2025\/05\/image-1.png 1200w\" sizes=\"(max-width: 800px) 100vw, 800px\" \/>\t\t\t\t\t\t\t\t<\/a>\n\t\t\t\t\t\t\t\t\t\t\t\t\t\t\t<\/div>\n\t\t\t\t<\/div>\n\t\t\t\t<\/div>\n\t\t<div class=\"elementor-element elementor-element-1662718e e-con-full e-flex e-con e-child\" data-id=\"1662718e\" data-element_type=\"container\" data-e-type=\"container\">\n\t\t\t\t<div class=\"elementor-element elementor-element-74a43a2f elementor-widget elementor-widget-heading\" data-id=\"74a43a2f\" data-element_type=\"widget\" data-e-type=\"widget\" data-widget_type=\"heading.default\">\n\t\t\t\t<div class=\"elementor-widget-container\">\n\t\t\t\t\t<h4 class=\"elementor-heading-title elementor-size-default\">Ingles<\/h4>\t\t\t\t<\/div>\n\t\t\t\t<\/div>\n\t\t\t\t<div class=\"elementor-element elementor-element-9f13e13 elementor-widget elementor-widget-image\" data-id=\"9f13e13\" data-element_type=\"widget\" data-e-type=\"widget\" data-widget_type=\"image.default\">\n\t\t\t\t<div class=\"elementor-widget-container\">\n\t\t\t\t\t\t\t\t\t\t\t\t\t\t\t\t<a href=\"https:\/\/community.terratachyon.com\/wp-content\/uploads\/2026\/03\/Catalog-ENE-price2o26.pdf\">\n\t\t\t\t\t\t\t<img decoding=\"async\" width=\"800\" height=\"457\" src=\"https:\/\/community.terratachyon.com\/wp-content\/uploads\/2025\/05\/image-2-1024x585.png\" class=\"attachment-large size-large wp-image-9465\" alt=\"\" srcset=\"https:\/\/community.terratachyon.com\/wp-content\/uploads\/2025\/05\/image-2-1024x585.png 1024w, https:\/\/community.terratachyon.com\/wp-content\/uploads\/2025\/05\/image-2-300x171.png 300w, https:\/\/community.terratachyon.com\/wp-content\/uploads\/2025\/05\/image-2-768x439.png 768w, https:\/\/community.terratachyon.com\/wp-content\/uploads\/2025\/05\/image-2-1536x878.png 1536w, https:\/\/community.terratachyon.com\/wp-content\/uploads\/2025\/05\/image-2-600x343.png 600w, https:\/\/community.terratachyon.com\/wp-content\/uploads\/2025\/05\/image-2-1136x649.png 1136w, https:\/\/community.terratachyon.com\/wp-content\/uploads\/2025\/05\/image-2.png 1715w\" sizes=\"(max-width: 800px) 100vw, 800px\" \/>\t\t\t\t\t\t\t\t<\/a>\n\t\t\t\t\t\t\t\t\t\t\t\t\t\t\t<\/div>\n\t\t\t\t<\/div>\n\t\t\t\t<\/div>\n\t\t<div class=\"elementor-element elementor-element-7b55b807 e-con-full e-flex e-con e-child\" data-id=\"7b55b807\" data-element_type=\"container\" data-e-type=\"container\">\n\t\t\t\t<div class=\"elementor-element elementor-element-5a4bc040 elementor-widget elementor-widget-heading\" data-id=\"5a4bc040\" data-element_type=\"widget\" data-e-type=\"widget\" data-widget_type=\"heading.default\">\n\t\t\t\t<div class=\"elementor-widget-container\">\n\t\t\t\t\t<h4 class=\"elementor-heading-title elementor-size-default\">Frances<\/h4>\t\t\t\t<\/div>\n\t\t\t\t<\/div>\n\t\t\t\t<div class=\"elementor-element elementor-element-564d37d elementor-widget elementor-widget-image\" data-id=\"564d37d\" data-element_type=\"widget\" data-e-type=\"widget\" data-widget_type=\"image.default\">\n\t\t\t\t<div class=\"elementor-widget-container\">\n\t\t\t\t\t\t\t\t\t\t\t\t\t\t\t\t<a href=\"https:\/\/community.terratachyon.com\/wp-content\/uploads\/2026\/03\/Catalog_FR2o26.pdf\">\n\t\t\t\t\t\t\t<img loading=\"lazy\" decoding=\"async\" width=\"800\" height=\"530\" src=\"https:\/\/community.terratachyon.com\/wp-content\/uploads\/2025\/05\/image-1024x678.png\" class=\"attachment-large size-large wp-image-9463\" alt=\"\" srcset=\"https:\/\/community.terratachyon.com\/wp-content\/uploads\/2025\/05\/image-1024x678.png 1024w, https:\/\/community.terratachyon.com\/wp-content\/uploads\/2025\/05\/image-300x199.png 300w, https:\/\/community.terratachyon.com\/wp-content\/uploads\/2025\/05\/image-768x508.png 768w, https:\/\/community.terratachyon.com\/wp-content\/uploads\/2025\/05\/image-1536x1017.png 1536w, https:\/\/community.terratachyon.com\/wp-content\/uploads\/2025\/05\/image-600x397.png 600w, https:\/\/community.terratachyon.com\/wp-content\/uploads\/2025\/05\/image-980x649.png 980w, https:\/\/community.terratachyon.com\/wp-content\/uploads\/2025\/05\/image.png 1920w\" sizes=\"(max-width: 800px) 100vw, 800px\" \/>\t\t\t\t\t\t\t\t<\/a>\n\t\t\t\t\t\t\t\t\t\t\t\t\t\t\t<\/div>\n\t\t\t\t<\/div>\n\t\t\t\t<\/div>\n\t\t\t\t<\/footer>\n\t\t<div class=\"elementor-element elementor-element-1fe954ff e-flex e-con-boxed e-con e-parent\" data-id=\"1fe954ff\" data-element_type=\"container\" data-e-type=\"container\" data-settings=\"{&quot;background_background&quot;:&quot;classic&quot;}\">\n\t\t\t\t\t<div class=\"e-con-inner\">\n\t\t\t\t<div class=\"elementor-element elementor-element-326b147 elementor-widget elementor-widget-text-editor\" data-id=\"326b147\" data-element_type=\"widget\" data-e-type=\"widget\" data-widget_type=\"text-editor.default\">\n\t\t\t\t<div class=\"elementor-widget-container\">\n\t\t\t\t\t\t\t\t\t<p>\u00a9TerraTachyon<\/p>\t\t\t\t\t\t\t\t<\/div>\n\t\t\t\t<\/div>\n\t\t\t\t\t<\/div>\n\t\t\t\t<\/div>\n\t\t\t\t<\/div>\n\t\t","protected":false},"excerpt":{"rendered":"<p>NOS TACHYONS CaTaLoguesTerra Tachyon TELECHARGEZ LE \u27f6 Rejoignez la Communaut\u00e9 Cliquez sur le drapeau pour t\u00e9l\u00e9charger le catalogue Espagnol Anglais Frances \u00a9TerraTachyon<\/p>\n","protected":false},"author":452,"featured_media":0,"parent":0,"menu_order":0,"comment_status":"closed","ping_status":"closed","template":"","meta":{"_uag_custom_page_level_css":"","episode_type":"","audio_file":"","transcript_file":"","cover_image":"","cover_image_id":"","duration":"","filesize":"","filesize_raw":"","date_recorded":"","explicit":"","block":"","itunes_episode_number":"","itunes_title":"","itunes_season_number":"","itunes_episode_type":"","footnotes":""},"class_list":["post-9456","page","type-page","status-publish","hentry"],"uagb_featured_image_src":{"full":false,"thumbnail":false,"medium":false,"medium_large":false,"large":false,"1536x1536":false,"2048x2048":false},"uagb_author_info":{"display_name":"Robert Munck","author_link":"https:\/\/community.terratachyon.com\/es\/author\/blogtt\/"},"uagb_comment_info":0,"uagb_excerpt":"NOS TACHYONS CaTaLoguesTerra Tachyon TELECHARGEZ LE \u27f6 Rejoignez la Communaut\u00e9 Cliquez sur le drapeau pour t\u00e9l\u00e9charger le catalogue Espagnol Anglais Frances \u00a9TerraTachyon","_links":{"self":[{"href":"https:\/\/community.terratachyon.com\/es\/wp-json\/wp\/v2\/pages\/9456","targetHints":{"allow":["GET"]}}],"collection":[{"href":"https:\/\/community.terratachyon.com\/es\/wp-json\/wp\/v2\/pages"}],"about":[{"href":"https:\/\/community.terratachyon.com\/es\/wp-json\/wp\/v2\/types\/page"}],"author":[{"embeddable":true,"href":"https:\/\/community.terratachyon.com\/es\/wp-json\/wp\/v2\/users\/452"}],"replies":[{"embeddable":true,"href":"https:\/\/community.terratachyon.com\/es\/wp-json\/wp\/v2\/comments?post=9456"}],"version-history":[{"count":55,"href":"https:\/\/community.terratachyon.com\/es\/wp-json\/wp\/v2\/pages\/9456\/revisions"}],"predecessor-version":[{"id":10494,"href":"https:\/\/community.terratachyon.com\/es\/wp-json\/wp\/v2\/pages\/9456\/revisions\/10494"}],"wp:attachment":[{"href":"https:\/\/community.terratachyon.com\/es\/wp-json\/wp\/v2\/media?parent=9456"}],"curies":[{"name":"wp","href":"https:\/\/api.w.org\/{rel}","templated":true}]}}